{"id":14,"date":"2020-12-27T20:12:02","date_gmt":"2020-12-27T19:12:02","guid":{"rendered":"http:\/\/synapsy.eu\/?page_id=14"},"modified":"2021-01-06T20:28:07","modified_gmt":"2021-01-06T19:28:07","slug":"accueil","status":"publish","type":"page","link":"https:\/\/synapsy.eu\/","title":{"rendered":"Accueil"},"content":{"rendered":"\n<br><p>La <span style=\"color:#000080\" class=\"has-inline-color\"><strong>neuropsychologie <\/strong><\/span>est au carrefour de la psychologie et des neurosciences. <\/p>\n\n\n\n<p>Elle met en lien les <span style=\"color:#000080\" class=\"has-inline-color\">fonctions cognitives<\/span> de l\u2019\u00eatre humain avec l\u2019activit\u00e9 c\u00e9r\u00e9brale. Elle s\u2019int\u00e9resse donc \u00e0 la m\u00e9moire, l\u2019attention, le langage, la cognition sociale, aux fonctions ex\u00e9cutives (inhibition, planification, raisonnement, flexibilit\u00e9 mentale\u2026) mais \u00e9galement aux \u00e9motions ou aux comportements.<\/p>\n\n\n\nElle permet ainsi d\u2019am\u00e9liorer le diagnostic et la prise en charge des patients de tout \u00e2ge:<ul><li>pr\u00e9sentant des troubles des apprentissages ou du d\u00e9veloppement (Trouble D\u00e9ficitaire de l\u2019Attention avec ou sans Hyperactivit\u00e9 TDA(H), troubles dys-, trouble du spectre autistique, syndrome chromosomal\u2026)<\/li><li>qui auraient acquis un trouble, suite \u00e0 une alt\u00e9ration neurologique (traumatisme cr\u00e2nien, AVC, \u00e9pilepsie, effet de l\u2019\u00e2ge\u2026)<\/li><\/ul>\n\n\n\n<div class=\"wp-block-image\"><figure class=\"aligncenter size-large is-resized\"><img loading=\"lazy\" src=\"http:\/\/synapsy.eu\/wp-content\/uploads\/2021\/01\/Mar-Mechanisms-1024x805.jpeg\" alt=\"\" class=\"wp-image-111\" width=\"512\" height=\"403\" srcset=\"https:\/\/synapsy.eu\/wp-content\/uploads\/2021\/01\/Mar-Mechanisms-1024x805.jpeg 1024w, https:\/\/synapsy.eu\/wp-content\/uploads\/2021\/01\/Mar-Mechanisms-300x236.jpeg 300w, https:\/\/synapsy.eu\/wp-content\/uploads\/2021\/01\/Mar-Mechanisms-768x603.jpeg 768w, https:\/\/synapsy.eu\/wp-content\/uploads\/2021\/01\/Mar-Mechanisms-1536x1207.jpeg 1536w, https:\/\/synapsy.eu\/wp-content\/uploads\/2021\/01\/Mar-Mechanisms.jpeg 2048w\" sizes=\"(max-width: 512px) 100vw, 512px\" \/><figcaption>Tous droits r\u00e9serv\u00e9s &#8211; 2020 &#8211; Mar Bertran<\/figcaption><\/figure><\/div>\n\n\n\n<p>En<span style=\"color:#000080\" class=\"has-inline-color\"> <strong>pratique lib\u00e9rale<\/strong><\/span>, cela se d\u00e9crit par:<\/p>\n\n\n\n<ul><li>des <span style=\"color:#000080\" class=\"has-inline-color\">bilans<\/span>, \u00e0 partir d\u2019outils allant du test d\u2019efficience intellectuel \u00e0 des \u00e9preuves neuropsychologiques plus pouss\u00e9es. Tout d\u2019abord, ils permettent de comprendre le fonctionnement de la personne, de mettre \u00e0 jour des possibles troubles cognitifs et de mettre en place l\u2019aide n\u00e9cessaire au quotidien. Ils aident \u00e9galement \u00e0 mettre en \u00e9vidence l\u2019origine des difficult\u00e9s rencontr\u00e9es (psychologiques, neuro-d\u00e9veloppementales ou contextuelles par exemple).<\/li><br><li>des <span style=\"color:#000080\" class=\"has-inline-color\">rem\u00e9diations cognitives<\/span>, compos\u00e9es d\u2019exercices et des jeux ludiques adapt\u00e9s au patient permettant de travailler sur la capacit\u00e9 d\u00e9ficitaire. Coupl\u00e9es \u00e0 la psycho\u00e9ducation, elles aident \u00e9galement \u00e0 comprendre le fonctionnement de son cerveau afin de l\u2019optimiser et de gagner confiance en soi.<\/li><br><li>des rencontres tourn\u00e9es davantage vers les \u00e9motions. Mon <span style=\"color:#000080\" class=\"has-inline-color\">approche psychoth\u00e9rapeutique <\/span>se base notamment sur les th\u00e9rapies cognitivo-comportementales (TCC) et de m\u00e9ditation de pleine conscience (MBCT &#8211; Mindfulness Based Cognitive Therapy). Toutes deux centr\u00e9es sur le pr\u00e9sent, elles offrent des strat\u00e9gies concr\u00e8tes de prise de conscience, d\u2019acceptation de ses difficult\u00e9s et de gestion \u00e9motionnelle.<\/li><\/ul>\n\n\n\n<div class=\"wp-block-image\"><figure class=\"aligncenter size-large is-resized\"><img loading=\"lazy\" src=\"http:\/\/synapsy.eu\/wp-content\/uploads\/2021\/01\/Mar-Mindfulness-805x1024.jpeg\" alt=\"\" class=\"wp-image-119\" width=\"403\" height=\"512\" srcset=\"https:\/\/synapsy.eu\/wp-content\/uploads\/2021\/01\/Mar-Mindfulness-805x1024.jpeg 805w, https:\/\/synapsy.eu\/wp-content\/uploads\/2021\/01\/Mar-Mindfulness-236x300.jpeg 236w, https:\/\/synapsy.eu\/wp-content\/uploads\/2021\/01\/Mar-Mindfulness-768x977.jpeg 768w, https:\/\/synapsy.eu\/wp-content\/uploads\/2021\/01\/Mar-Mindfulness-1207x1536.jpeg 1207w, https:\/\/synapsy.eu\/wp-content\/uploads\/2021\/01\/Mar-Mindfulness.jpeg 1608w\" sizes=\"(max-width: 403px) 100vw, 403px\" \/><figcaption>Tous droits r\u00e9serv\u00e9s &#8211; 2020 &#8211; Mar Bertran<\/figcaption><\/figure><\/div>\n\n\n\n<p><\/p>\n","protected":false},"excerpt":{"rendered":"<p>La neuropsychologie est au carrefour de la psychologie et des neurosciences. Elle met en lien les fonctions cognitives de l\u2019\u00eatre humain avec l\u2019activit\u00e9 c\u00e9r\u00e9brale. Elle s\u2019int\u00e9resse donc \u00e0 la m\u00e9moire, l\u2019attention, le langage, la cognition sociale, aux fonctions ex\u00e9cutives (inhibition, planification, raisonnement, flexibilit\u00e9 mentale\u2026) mais \u00e9galement aux \u00e9motions ou aux comportements. Elle permet ainsi d\u2019am\u00e9liorer &hellip; <\/p>\n<p class=\"link-more\"><a href=\"https:\/\/synapsy.eu\/\" class=\"more-link\">Continue reading<span class=\"screen-reader-text\"> &#8220;Accueil&#8221;<\/span><\/a><\/p>\n","protected":false},"author":1,"featured_media":0,"parent":0,"menu_order":0,"comment_status":"closed","ping_status":"closed","template":"","meta":[],"_links":{"self":[{"href":"https:\/\/synapsy.eu\/index.php\/wp-json\/wp\/v2\/pages\/14"}],"collection":[{"href":"https:\/\/synapsy.eu\/index.php\/wp-json\/wp\/v2\/pages"}],"about":[{"href":"https:\/\/synapsy.eu\/index.php\/wp-json\/wp\/v2\/types\/page"}],"author":[{"embeddable":true,"href":"https:\/\/synapsy.eu\/index.php\/wp-json\/wp\/v2\/users\/1"}],"replies":[{"embeddable":true,"href":"https:\/\/synapsy.eu\/index.php\/wp-json\/wp\/v2\/comments?post=14"}],"version-history":[{"count":31,"href":"https:\/\/synapsy.eu\/index.php\/wp-json\/wp\/v2\/pages\/14\/revisions"}],"predecessor-version":[{"id":226,"href":"https:\/\/synapsy.eu\/index.php\/wp-json\/wp\/v2\/pages\/14\/revisions\/226"}],"wp:attachment":[{"href":"https:\/\/synapsy.eu\/index.php\/wp-json\/wp\/v2\/media?parent=14"}],"curies":[{"name":"wp","href":"https:\/\/api.w.org\/{rel}","templated":true}]}}