{"id":7,"date":"2020-12-27T20:12:02","date_gmt":"2020-12-27T19:12:02","guid":{"rendered":"http:\/\/synapsy.eu\/?page_id=7"},"modified":"2025-10-04T15:44:11","modified_gmt":"2025-10-04T13:44:11","slug":"a-propos-de","status":"publish","type":"page","link":"https:\/\/synapsy.eu\/index.php\/a-propos-de\/","title":{"rendered":"Exp\u00e9rience Professionnelle"},"content":{"rendered":"\n<p><br>J\u2019ai effectu\u00e9 la majorit\u00e9 de mon cursus \u00e0 l\u2019Universit\u00e9 de Lille 3, avant d\u2019\u00eatre dipl\u00f4m\u00e9e du master \u00ab Psychologie des Perturbations Cognitives \u00bb de l\u2019Universit\u00e9 de Reims Champagne-Ardenne. Je me suis plus r\u00e9cemment form\u00e9e \u00e0 la pratique de la m\u00e9ditation de pleine conscience (MBCT).\n<br>\n<br>Form\u00e9e tout d\u2019abord en France, j\u2019ai travaill\u00e9 en service de soins de suite et de r\u00e9adaptation aupr\u00e8s de patients adultes c\u00e9r\u00e9brol\u00e9s\u00e9s, en service de neurologie et de g\u00e9riatrie mais \u00e9galement en centre d\u2019action m\u00e9dico-sociale (CAMSP) avec des enfants pr\u00e9sentant des troubles neurologiques et psychiques divers.<br>\n<br>A Londres depuis quelques ann\u00e9es, j\u2019ai d\u00e9velopp\u00e9 un travail en r\u00e9seau avec les praticiens fran\u00e7ais (GP, psychiatres et p\u00e9dopsychiatres, orthophonistes, ergoth\u00e9rapeutes, psychomotriciennes entre autres) mais \u00e9galement les \u00e9coles francophones et bilingues de Londres. Je suis r\u00e9guli\u00e8rement en lien avec le NHS et \u00e9coles anglaises.\n<br><br>J\u2019ai pr\u00e9c\u00e9demment exerc\u00e9 pour le NHS avec la population anglophone (CAMHS &#8211; Child and Adolescent Mental Health Services, CIDS\/SOAMHS &#8211; Cognitive Impairment and Dementia Services \/ Specialist Older Adults Mental Health Services, Clayponds Rehabilitation Hospital) mais aussi au Royal Hospital for Neurodisability.<br><br>Officiellement reconnue en tant que Clinical Psychologist (HCPC registered) au Royaume-Uni, je travaille actuellement au sein du Hounslow CNRT &#8211; Community Neuro Rehabilitation Team en parall\u00e8le de mon activit\u00e9 lib\u00e9rale.<br>Je suis \u00e9galement b\u00e9n\u00e9vole au Dispensaire Fran\u00e7ais.<br>\n<br>Toutes ces exp\u00e9riences m\u2019ont permis de d\u00e9velopper des comp\u00e9tences en \u00e9valuation neuropsychologique \u00e0 vis\u00e9e diagnostique comme r\u00e9\u00e9ducative et en prise en charge r\u00e9\u00e9ducative et th\u00e9rapeutique de patients de tout \u00e2ge. Mon approche de la personne se veut globale et interactive, adapt\u00e9e aux besoins de chacun.<br><\/p>\n\n\n\n<div class=\"wp-block-image\"><figure class=\"aligncenter size-large is-resized\"><img loading=\"lazy\" src=\"http:\/\/synapsy.eu\/wp-content\/uploads\/2021\/01\/0Y7A5766-Copie-689x1024.jpg\" alt=\"\" class=\"wp-image-126\" width=\"345\" height=\"512\" srcset=\"https:\/\/synapsy.eu\/wp-content\/uploads\/2021\/01\/0Y7A5766-Copie-689x1024.jpg 689w, https:\/\/synapsy.eu\/wp-content\/uploads\/2021\/01\/0Y7A5766-Copie-202x300.jpg 202w, https:\/\/synapsy.eu\/wp-content\/uploads\/2021\/01\/0Y7A5766-Copie-768x1141.jpg 768w, https:\/\/synapsy.eu\/wp-content\/uploads\/2021\/01\/0Y7A5766-Copie-1034x1536.jpg 1034w, https:\/\/synapsy.eu\/wp-content\/uploads\/2021\/01\/0Y7A5766-Copie-1379x2048.jpg 1379w, https:\/\/synapsy.eu\/wp-content\/uploads\/2021\/01\/0Y7A5766-Copie-scaled.jpg 1723w\" sizes=\"(max-width: 345px) 100vw, 345px\" \/><\/figure><\/div>\n\n\n\n<div class=\"wp-block-image\"><figure class=\"aligncenter size-full is-resized\"><img loading=\"lazy\" src=\"http:\/\/synapsy.eu\/wp-content\/uploads\/2023\/01\/Registration-camille.png\" alt=\"\" class=\"wp-image-318\" width=\"446\" height=\"93\" srcset=\"https:\/\/synapsy.eu\/wp-content\/uploads\/2023\/01\/Registration-camille.png 965w, https:\/\/synapsy.eu\/wp-content\/uploads\/2023\/01\/Registration-camille-300x63.png 300w, https:\/\/synapsy.eu\/wp-content\/uploads\/2023\/01\/Registration-camille-768x162.png 768w\" sizes=\"(max-width: 446px) 100vw, 446px\" \/><\/figure><\/div>\n\n\n\n<div class=\"wp-block-group\"><div class=\"wp-block-group__inner-container\">\n<div class=\"wp-block-group\"><div class=\"wp-block-group__inner-container\"><\/div><\/div>\n<\/div><\/div>\n\n\n\n<div class=\"wp-block-group\"><div class=\"wp-block-group__inner-container\"><\/div><\/div>\n\n\n\n<div class=\"wp-block-group\"><div class=\"wp-block-group__inner-container\"><\/div><\/div>\n\n\n\n<p><\/p>\n","protected":false},"excerpt":{"rendered":"<p>J\u2019ai effectu\u00e9 la majorit\u00e9 de mon cursus \u00e0 l\u2019Universit\u00e9 de Lille 3, avant d\u2019\u00eatre dipl\u00f4m\u00e9e du master \u00ab Psychologie des Perturbations Cognitives \u00bb de l\u2019Universit\u00e9 de Reims Champagne-Ardenne. Je me suis plus r\u00e9cemment form\u00e9e \u00e0 la pratique de la m\u00e9ditation de pleine conscience (MBCT). Form\u00e9e tout d\u2019abord en France, j\u2019ai travaill\u00e9 en service de soins &hellip; <\/p>\n<p class=\"link-more\"><a href=\"https:\/\/synapsy.eu\/index.php\/a-propos-de\/\" class=\"more-link\">Continue reading<span class=\"screen-reader-text\"> &#8220;Exp\u00e9rience Professionnelle&#8221;<\/span><\/a><\/p>\n","protected":false},"author":1,"featured_media":0,"parent":0,"menu_order":0,"comment_status":"closed","ping_status":"closed","template":"","meta":[],"_links":{"self":[{"href":"https:\/\/synapsy.eu\/index.php\/wp-json\/wp\/v2\/pages\/7"}],"collection":[{"href":"https:\/\/synapsy.eu\/index.php\/wp-json\/wp\/v2\/pages"}],"about":[{"href":"https:\/\/synapsy.eu\/index.php\/wp-json\/wp\/v2\/types\/page"}],"author":[{"embeddable":true,"href":"https:\/\/synapsy.eu\/index.php\/wp-json\/wp\/v2\/users\/1"}],"replies":[{"embeddable":true,"href":"https:\/\/synapsy.eu\/index.php\/wp-json\/wp\/v2\/comments?post=7"}],"version-history":[{"count":27,"href":"https:\/\/synapsy.eu\/index.php\/wp-json\/wp\/v2\/pages\/7\/revisions"}],"predecessor-version":[{"id":403,"href":"https:\/\/synapsy.eu\/index.php\/wp-json\/wp\/v2\/pages\/7\/revisions\/403"}],"wp:attachment":[{"href":"https:\/\/synapsy.eu\/index.php\/wp-json\/wp\/v2\/media?parent=7"}],"curies":[{"name":"wp","href":"https:\/\/api.w.org\/{rel}","templated":true}]}}