{"id":8,"date":"2020-12-27T20:12:02","date_gmt":"2020-12-27T19:12:02","guid":{"rendered":"http:\/\/synapsy.eu\/?page_id=8"},"modified":"2025-10-04T15:37:42","modified_gmt":"2025-10-04T13:37:42","slug":"infos","status":"publish","type":"page","link":"https:\/\/synapsy.eu\/index.php\/infos\/","title":{"rendered":"Infos Utiles"},"content":{"rendered":"\n<strong><span style=\"color:#000080\" class=\"has-inline-color\">Jours de consultation &#038; Cabinet <\/span><\/strong> <br> <br>le vendredi (fin de journ\u00e9e), samedi (jusqu&#8217;\u00e0 13h)<br> <br> \n\u00c0 <span style=\"color:#000080\" class=\"has-inline-color\">Hammersmith<\/span><br>184 Hammersmith Road, London W6 7DJ<br> <br> \nEn <span style=\"color:#000080\" class=\"has-inline-color\">t\u00e9l\u00e9consultation<\/span><br>via Zoom (lien inclus dans l&#8217;email de confirmation)<br> <br><br>\n\n\n\n<br><strong><span style=\"color:#000080\" class=\"has-inline-color\">Liens utiles<\/span><\/strong> <br> <br>A venir<br> <br>\n","protected":false},"excerpt":{"rendered":"<p>Jours de consultation &#038; Cabinet le vendredi (fin de journ\u00e9e), samedi (jusqu&#8217;\u00e0 13h) \u00c0 Hammersmith184 Hammersmith Road, London W6 7DJ En t\u00e9l\u00e9consultationvia Zoom (lien inclus dans l&#8217;email de confirmation) Liens utiles A venir<\/p>\n","protected":false},"author":1,"featured_media":0,"parent":0,"menu_order":0,"comment_status":"closed","ping_status":"closed","template":"","meta":[],"_links":{"self":[{"href":"https:\/\/synapsy.eu\/index.php\/wp-json\/wp\/v2\/pages\/8"}],"collection":[{"href":"https:\/\/synapsy.eu\/index.php\/wp-json\/wp\/v2\/pages"}],"about":[{"href":"https:\/\/synapsy.eu\/index.php\/wp-json\/wp\/v2\/types\/page"}],"author":[{"embeddable":true,"href":"https:\/\/synapsy.eu\/index.php\/wp-json\/wp\/v2\/users\/1"}],"replies":[{"embeddable":true,"href":"https:\/\/synapsy.eu\/index.php\/wp-json\/wp\/v2\/comments?post=8"}],"version-history":[{"count":51,"href":"https:\/\/synapsy.eu\/index.php\/wp-json\/wp\/v2\/pages\/8\/revisions"}],"predecessor-version":[{"id":399,"href":"https:\/\/synapsy.eu\/index.php\/wp-json\/wp\/v2\/pages\/8\/revisions\/399"}],"wp:attachment":[{"href":"https:\/\/synapsy.eu\/index.php\/wp-json\/wp\/v2\/media?parent=8"}],"curies":[{"name":"wp","href":"https:\/\/api.w.org\/{rel}","templated":true}]}}